{"id":7836,"date":"2024-09-16T10:29:58","date_gmt":"2024-09-16T08:29:58","guid":{"rendered":"https:\/\/www.exist.cat\/?page_id=7836"},"modified":"2024-10-17T11:16:39","modified_gmt":"2024-10-17T09:16:39","slug":"accessibilitat","status":"publish","type":"page","link":"https:\/\/www.exist.cat\/es\/accessibilitat\/","title":{"rendered":"Accessibilitat"},"content":{"rendered":"<div data-elementor-type=\"wp-page\" data-elementor-id=\"7836\" class=\"elementor elementor-7836\">\n\t\t\t\t\t\t<section class=\"elementor-section elementor-top-section elementor-element elementor-element-4992b54 elementor-section-boxed elementor-section-height-default elementor-section-height-default\" data-id=\"4992b54\" data-element_type=\"section\">\n\t\t\t\t\t\t<div class=\"elementor-container elementor-column-gap-default\">\n\t\t\t\t\t<div class=\"elementor-column elementor-col-100 elementor-top-column elementor-element elementor-element-657e1ab\" data-id=\"657e1ab\" data-element_type=\"column\">\n\t\t\t<div class=\"elementor-widget-wrap elementor-element-populated\">\n\t\t\t\t\t\t<div class=\"elementor-element elementor-element-8044775 elementor-widget elementor-widget-text-editor\" data-id=\"8044775\" data-element_type=\"widget\" data-widget_type=\"text-editor.default\">\n\t\t\t\t<div class=\"elementor-widget-container\">\n\t\t\t\t\t\t\t<p><span style=\"text-decoration: underline;\"><span lang=\"ES\">Pol\u00edtica de accesibilidad<\/span><\/span><\/p><p><span lang=\"ES\">La EXIST ESTRAT\u00c8GIES FORMATIVES SL <\/span><span lang=\"ES\">se ha comprometido a hacer accesible su sitio web de conformidad con el Real Decreto 1112\/2018, de 7 de septiembre, sobre accesibilidad de los sitios web y aplicaciones para dispositivos m\u00f3viles del sector p\u00fablico, o desarrollos financiados desde Europa.<\/span><\/p><p><span lang=\"ES\">La presente declaraci\u00f3n de accesibilidad se aplica al sitio web <span style=\"text-decoration: underline;\"><a href=\"https:\/\/www.exist.cat\/es\/\">https:\/\/www.exist.cat\/<\/a><\/span>\u00a0excluyendo los contenidos incrustados provenientes de otros dominios.<\/span><\/p><p><span style=\"text-decoration: underline;\"><span lang=\"ES\"><br \/>Situaci\u00f3n de cumplimiento<\/span><\/span><\/p><p><span lang=\"ES\">Este sitio web es Parcialmente conforme con el RD 1112\/2018 debido a la falta de conformidad de los aspectos que se indican a continuaci\u00f3n.<\/span><\/p><p><span style=\"text-decoration: underline;\"><span lang=\"ES\"><br \/>Contenido no accesible<\/span><\/span><\/p><p><span lang=\"ES\">El contenido que se recoge a continuaci\u00f3n no es accesible por los siguientes motivos:<\/span><\/p><ul><li><span lang=\"ES\">Falta de conformidad:<\/span><ul><li><span lang=\"ES\">Pueden existir algunas im\u00e1genes cuya alternativa no est\u00e9 implementada o no sea correcta &#8211; \u2013 Requisito 9.1.1.1 Contenido no textual UNE-EN 301549:2022<\/span><\/li><li><span lang=\"ES\">Puede existir elementos de encabezado incorrectamente implementados, o cuyo orden l\u00f3gico no sea el correcto &#8211; Requisito n\u00famero 9.1.3.1 Informaci\u00f3n y relaciones de UNE-EN 301549:2022<\/span><\/li><li><span lang=\"ES\">En los formularios, puede haber campos que no se hayan facilitado su rellenado a trav\u00e9s de sistemas autom\u00e1ticos \u2013 Requisito 9.1.3.5 Identificar el prop\u00f3sito de la entrada UNE-EN 301549:2022<\/span><\/li><li><span lang=\"ES\">Puede haber elementos cuyo contraste no sea el suficiente en algunas p\u00e1ginas \u2013 Requisito 9.1.4.3 Contraste UNE-EN 301549:2020<\/span><\/li><li><span lang=\"ES\">Puede existir elementos de la p\u00e1gina que no sean operables mediante teclado &#8211; Requisito n\u00famero 9.2.1.1 Teclado de UNE-EN 301549:2020<\/span><\/li><li><span lang=\"ES\">La web no ofrece un sistema de navegaci\u00f3n alternativo al men\u00fa \u2013 Requisito n\u00famero 9.2.4.5 M\u00faltiples V\u00edas de UNE-EN 301549:2022<\/span><\/li><li><span lang=\"ES\">Pueden existir encabezados que no sean claros o breves, o que no deber\u00edan ser encabezados \u2013 Requisito n\u00famero 9.2.4.6 Encabezados y etiquetas de UNE-EN 301549:2022<\/span><\/li><li><span lang=\"ES\">Pueden existir algunos enlaces cuyo foco no se muestra &#8211; Requisito n\u00famero 9.2.4.7 Foco visible de UNE-EN 301549:2020<\/span><\/li><li><span lang=\"ES\">Puede haber texto en un idioma distinto al indicado &#8211; Requisito n\u00famero 9.3.1.2 Sugerencias ante errores de UNE-EN 301549:2020<\/span><\/li><li><span lang=\"ES\">Pueden existir elementos provenientes de otros sistemas o webs, que no dispongan de una definici\u00f3n de funci\u00f3n suficiente &#8211; Requisito n\u00famero 9.4.1.2 Nombre, funci\u00f3n y valor de UNE-EN 301549:2020<\/span><\/li><li><span lang=\"ES\">Podr\u00edan existir fallos puntuales de edici\u00f3n en alguna p\u00e1gina web.<\/span><\/li><\/ul><\/li><li><span lang=\"ES\">Carga desproporcionada: No resulta aplicable.<\/span><\/li><li><span lang=\"ES\">El contenido no entra dentro del \u00e1mbito de la legislaci\u00f3n aplicable.<\/span><\/li><\/ul><p><span lang=\"ES\">Podr\u00edan existir archivos ofim\u00e1ticos en PDF u otros formatos publicados antes del 20 de septiembre de 2018 que no cumplan en su totalidad todos los requisitos de accesibilidad.<br \/>Puede haber contenidos de terceros que no est\u00e9n desarrollados en esta Unidad, ni bajo su control, como archivos ofim\u00e1ticos de diferentes organismos que deban publicarse en este sitio.<\/span><\/p><p><span style=\"text-decoration: underline;\"><span lang=\"ES\"><br \/>Observaciones y datos de contacto<\/span><\/span><\/p><p><span lang=\"ES\">Puede realizar comunicaciones sobre requisitos de accesibilidad [art\u00edculo 10.2.a) del RD 1112\/2018] como, por ejemplo:<\/span><\/p><ul><li><span lang=\"ES\">Informar sobre cualquier posible incumplimiento por parte de este sitio web.<\/span><\/li><li><span lang=\"ES\">Transmitir otras dificultades de acceso al contenido.<\/span><\/li><li><span lang=\"ES\">Formular cualquier otra consulta o sugerencia de mejora relativa a la accesibilidad del sitio web a trav\u00e9s del siguiente <a href=\"https:\/\/www.exist.cat\/es\/contacte\/\">formulario de contacto<\/a><\/span><span lang=\"ES\">\u00a0o llamando al\u00a0<\/span><span lang=\"ES\">tel\u00e9fono +34 93 496 12 44 de 9 a 17 horas de lunes a viernes.<\/span><\/li><\/ul><p><span lang=\"ES\">Puede presentar:<\/span><\/p><ul><li><span lang=\"ES\">Una queja relativa al cumplimiento de los requisitos del RD 1112\/2018<\/span><\/li><li><span lang=\"ES\">Una solicitud de informaci\u00f3n accesible relativa a:<\/span><ul><li><span lang=\"ES\">Contenidos que est\u00e1n excluidos del \u00e1mbito de aplicaci\u00f3n del RD 1112\/2018 seg\u00fan lo establecido por el art\u00edculo 3, apartado 4.<\/span><\/li><li><span lang=\"ES\">Contenidos que est\u00e1n exentos del cumplimiento de los requisitos de accesibilidad por imponer una carga desproporcionada.<\/span><\/li><\/ul><\/li><\/ul><ol><li style=\"list-style-type: none;\">\u00a0<\/li><\/ol><p class=\"sinbotom\" style=\"text-align: justify; line-height: 16.8pt; background: white; margin: 0cm 0cm 12.0pt 0cm;\"><span lang=\"ES\">En la solicitud de informaci\u00f3n accesible, se debe concretar, con toda claridad, los hechos, razones y petici\u00f3n que permitan constatar que se trata de una solicitud razonable y leg\u00edtima.<\/span><\/p>\t\t\t\t\t\t<\/div>\n\t\t\t\t<\/div>\n\t\t\t\t\t<\/div>\n\t\t<\/div>\n\t\t\t\t\t<\/div>\n\t\t<\/section>\n\t\t\t\t<\/div>","protected":false},"excerpt":{"rendered":"<p>Pol\u00edtica de accesibilidad La EXIST ESTRAT\u00c8GIES FORMATIVES SL se ha comprometido a hacer accesible su sitio web de conformidad con [&hellip;]<\/p>","protected":false},"author":1,"featured_media":0,"parent":0,"menu_order":0,"comment_status":"closed","ping_status":"closed","template":"","meta":{"_acf_changed":false,"footnotes":""},"class_list":["post-7836","page","type-page","status-publish","hentry"],"acf":[],"yoast_head":"<!-- This site is optimized with the Yoast SEO plugin v23.8 - https:\/\/yoast.com\/wordpress\/plugins\/seo\/ -->\n<title>Accessibilitat - Grup Exist<\/title>\n<meta name=\"robots\" content=\"index, follow, max-snippet:-1, max-image-preview:large, max-video-preview:-1\" \/>\n<link rel=\"canonical\" href=\"https:\/\/www.exist.cat\/es\/accessibilitat\/\" \/>\n<meta property=\"og:locale\" content=\"es_ES\" \/>\n<meta property=\"og:type\" content=\"article\" \/>\n<meta property=\"og:title\" content=\"Accessibilitat - Grup Exist\" \/>\n<meta property=\"og:description\" content=\"Pol\u00edtica de accesibilidad La EXIST ESTRAT\u00c8GIES FORMATIVES SL se ha comprometido a hacer accesible su sitio web de conformidad con [&hellip;]\" \/>\n<meta property=\"og:url\" content=\"https:\/\/www.exist.cat\/es\/accessibilitat\/\" \/>\n<meta property=\"og:site_name\" content=\"Grup Exist\" \/>\n<meta property=\"article:modified_time\" content=\"2024-10-17T09:16:39+00:00\" \/>\n<meta name=\"twitter:card\" content=\"summary_large_image\" \/>\n<meta name=\"twitter:label1\" content=\"Tiempo de lectura\" \/>\n\t<meta name=\"twitter:data1\" content=\"4 minutos\" \/>\n<script type=\"application\/ld+json\" class=\"yoast-schema-graph\">{\"@context\":\"https:\/\/schema.org\",\"@graph\":[{\"@type\":\"WebPage\",\"@id\":\"https:\/\/www.exist.cat\/accessibilitat\/\",\"url\":\"https:\/\/www.exist.cat\/accessibilitat\/\",\"name\":\"Accessibilitat - Grup Exist\",\"isPartOf\":{\"@id\":\"https:\/\/www.exist.cat\/#website\"},\"datePublished\":\"2024-09-16T08:29:58+00:00\",\"dateModified\":\"2024-10-17T09:16:39+00:00\",\"breadcrumb\":{\"@id\":\"https:\/\/www.exist.cat\/accessibilitat\/#breadcrumb\"},\"inLanguage\":\"es\",\"potentialAction\":[{\"@type\":\"ReadAction\",\"target\":[\"https:\/\/www.exist.cat\/accessibilitat\/\"]}]},{\"@type\":\"BreadcrumbList\",\"@id\":\"https:\/\/www.exist.cat\/accessibilitat\/#breadcrumb\",\"itemListElement\":[{\"@type\":\"ListItem\",\"position\":1,\"name\":\"Inici\",\"item\":\"https:\/\/www.exist.cat\/\"},{\"@type\":\"ListItem\",\"position\":2,\"name\":\"Accessibilitat\"}]},{\"@type\":\"WebSite\",\"@id\":\"https:\/\/www.exist.cat\/#website\",\"url\":\"https:\/\/www.exist.cat\/\",\"name\":\"Grup Exist\",\"description\":\"Centre de formaci\u00f3 subvencionada del SEPE i SOC\",\"publisher\":{\"@id\":\"https:\/\/www.exist.cat\/#organization\"},\"potentialAction\":[{\"@type\":\"SearchAction\",\"target\":{\"@type\":\"EntryPoint\",\"urlTemplate\":\"https:\/\/www.exist.cat\/?s={search_term_string}\"},\"query-input\":{\"@type\":\"PropertyValueSpecification\",\"valueRequired\":true,\"valueName\":\"search_term_string\"}}],\"inLanguage\":\"es\"},{\"@type\":\"Organization\",\"@id\":\"https:\/\/www.exist.cat\/#organization\",\"name\":\"Grup Exist\",\"url\":\"https:\/\/www.exist.cat\/\",\"logo\":{\"@type\":\"ImageObject\",\"inLanguage\":\"es\",\"@id\":\"https:\/\/www.exist.cat\/#\/schema\/logo\/image\/\",\"url\":\"https:\/\/www.exist.cat\/wp-content\/uploads\/2024\/07\/cropped-logo.png\",\"contentUrl\":\"https:\/\/www.exist.cat\/wp-content\/uploads\/2024\/07\/cropped-logo.png\",\"width\":151,\"height\":75,\"caption\":\"Grup Exist\"},\"image\":{\"@id\":\"https:\/\/www.exist.cat\/#\/schema\/logo\/image\/\"}}]}<\/script>\n<!-- \/ Yoast SEO plugin. -->","yoast_head_json":{"title":"Accessibilitat - Grup Exist","robots":{"index":"index","follow":"follow","max-snippet":"max-snippet:-1","max-image-preview":"max-image-preview:large","max-video-preview":"max-video-preview:-1"},"canonical":"https:\/\/www.exist.cat\/es\/accessibilitat\/","og_locale":"es_ES","og_type":"article","og_title":"Accessibilitat - Grup Exist","og_description":"Pol\u00edtica de accesibilidad La EXIST ESTRAT\u00c8GIES FORMATIVES SL se ha comprometido a hacer accesible su sitio web de conformidad con [&hellip;]","og_url":"https:\/\/www.exist.cat\/es\/accessibilitat\/","og_site_name":"Grup Exist","article_modified_time":"2024-10-17T09:16:39+00:00","twitter_card":"summary_large_image","twitter_misc":{"Tiempo de lectura":"4 minutos"},"schema":{"@context":"https:\/\/schema.org","@graph":[{"@type":"WebPage","@id":"https:\/\/www.exist.cat\/accessibilitat\/","url":"https:\/\/www.exist.cat\/accessibilitat\/","name":"Accessibilitat - Grup Exist","isPartOf":{"@id":"https:\/\/www.exist.cat\/#website"},"datePublished":"2024-09-16T08:29:58+00:00","dateModified":"2024-10-17T09:16:39+00:00","breadcrumb":{"@id":"https:\/\/www.exist.cat\/accessibilitat\/#breadcrumb"},"inLanguage":"es","potentialAction":[{"@type":"ReadAction","target":["https:\/\/www.exist.cat\/accessibilitat\/"]}]},{"@type":"BreadcrumbList","@id":"https:\/\/www.exist.cat\/accessibilitat\/#breadcrumb","itemListElement":[{"@type":"ListItem","position":1,"name":"Inici","item":"https:\/\/www.exist.cat\/"},{"@type":"ListItem","position":2,"name":"Accessibilitat"}]},{"@type":"WebSite","@id":"https:\/\/www.exist.cat\/#website","url":"https:\/\/www.exist.cat\/","name":"Grup Exist","description":"Centre de formaci\u00f3 subvencionada del SEPE i SOC","publisher":{"@id":"https:\/\/www.exist.cat\/#organization"},"potentialAction":[{"@type":"SearchAction","target":{"@type":"EntryPoint","urlTemplate":"https:\/\/www.exist.cat\/?s={search_term_string}"},"query-input":{"@type":"PropertyValueSpecification","valueRequired":true,"valueName":"search_term_string"}}],"inLanguage":"es"},{"@type":"Organization","@id":"https:\/\/www.exist.cat\/#organization","name":"Grup Exist","url":"https:\/\/www.exist.cat\/","logo":{"@type":"ImageObject","inLanguage":"es","@id":"https:\/\/www.exist.cat\/#\/schema\/logo\/image\/","url":"https:\/\/www.exist.cat\/wp-content\/uploads\/2024\/07\/cropped-logo.png","contentUrl":"https:\/\/www.exist.cat\/wp-content\/uploads\/2024\/07\/cropped-logo.png","width":151,"height":75,"caption":"Grup Exist"},"image":{"@id":"https:\/\/www.exist.cat\/#\/schema\/logo\/image\/"}}]}},"_links":{"self":[{"href":"https:\/\/www.exist.cat\/es\/wp-json\/wp\/v2\/pages\/7836","targetHints":{"allow":["GET"]}}],"collection":[{"href":"https:\/\/www.exist.cat\/es\/wp-json\/wp\/v2\/pages"}],"about":[{"href":"https:\/\/www.exist.cat\/es\/wp-json\/wp\/v2\/types\/page"}],"author":[{"embeddable":true,"href":"https:\/\/www.exist.cat\/es\/wp-json\/wp\/v2\/users\/1"}],"replies":[{"embeddable":true,"href":"https:\/\/www.exist.cat\/es\/wp-json\/wp\/v2\/comments?post=7836"}],"version-history":[{"count":16,"href":"https:\/\/www.exist.cat\/es\/wp-json\/wp\/v2\/pages\/7836\/revisions"}],"predecessor-version":[{"id":8405,"href":"https:\/\/www.exist.cat\/es\/wp-json\/wp\/v2\/pages\/7836\/revisions\/8405"}],"wp:attachment":[{"href":"https:\/\/www.exist.cat\/es\/wp-json\/wp\/v2\/media?parent=7836"}],"curies":[{"name":"wp","href":"https:\/\/api.w.org\/{rel}","templated":true}]}}