{"id":7779,"date":"2024-08-28T15:30:40","date_gmt":"2024-08-28T13:30:40","guid":{"rendered":"https:\/\/www.exist.cat\/?page_id=7779"},"modified":"2024-09-23T10:34:31","modified_gmt":"2024-09-23T08:34:31","slug":"transparencia","status":"publish","type":"page","link":"https:\/\/www.exist.cat\/es\/transparencia\/","title":{"rendered":"Transpar\u00e8ncia"},"content":{"rendered":"<div data-elementor-type=\"wp-page\" data-elementor-id=\"7779\" class=\"elementor elementor-7779\">\n\t\t\t\t\t\t<section class=\"elementor-section elementor-top-section elementor-element elementor-element-5ec855a elementor-section-boxed elementor-section-height-default elementor-section-height-default\" data-id=\"5ec855a\" data-element_type=\"section\">\n\t\t\t\t\t\t<div class=\"elementor-container elementor-column-gap-default\">\n\t\t\t\t\t<div class=\"elementor-column elementor-col-100 elementor-top-column elementor-element elementor-element-73dd8a6\" data-id=\"73dd8a6\" data-element_type=\"column\">\n\t\t\t<div class=\"elementor-widget-wrap\">\n\t\t\t\t\t\t\t<\/div>\n\t\t<\/div>\n\t\t\t\t\t<\/div>\n\t\t<\/section>\n\t\t\t\t<section class=\"elementor-section elementor-top-section elementor-element elementor-element-7fcf3da elementor-section-boxed elementor-section-height-default elementor-section-height-default\" data-id=\"7fcf3da\" data-element_type=\"section\">\n\t\t\t\t\t\t<div class=\"elementor-container elementor-column-gap-default\">\n\t\t\t\t\t<div class=\"elementor-column elementor-col-100 elementor-top-column elementor-element elementor-element-9ee166e\" data-id=\"9ee166e\" data-element_type=\"column\">\n\t\t\t<div class=\"elementor-widget-wrap elementor-element-populated\">\n\t\t\t\t\t\t<div class=\"elementor-element elementor-element-398fabb elementor-widget elementor-widget-text-editor\" data-id=\"398fabb\" data-element_type=\"widget\" data-widget_type=\"text-editor.default\">\n\t\t\t\t<div class=\"elementor-widget-container\">\n\t\t\t\t\t\t\t<p><strong>Dades principals referents a les subvencions obtingudes<\/strong><\/p><p><strong>Lleis de transpar\u00e8ncia<\/strong><br \/>Exist Estrat\u00e8gies Formatives, SLU \u00e9s un centre de Formaci\u00f3 Professional Ocupacional que desenvolupa accions formatives amb i sense finan\u00e7ament p\u00fablic, en les modalitats presencial i teleformaci\u00f3, aix\u00ed com serveis d\u2019orientaci\u00f3 professional, laboral i\/o formativa, intermediaci\u00f3 laboral i acompanyament a la inserci\u00f3. A la pestanya Qui som hi ha informaci\u00f3 detallada sobre les nostres acreditacions i certificacions.<\/p><p>At\u00e8s que gestionem anualment un volum de subvencions superior als 100.000\u20ac ens s\u00f3n aplicables les seg\u00fcents lleis de transpar\u00e8ncia:<\/p><ul><li>La Llei (estatal) 19\/2013, de 9 de desembre, de transpar\u00e8ncia, acc\u00e9s a la informaci\u00f3 p\u00fablica i bon govern.<\/li><li>La Llei (catalana) 19\/2014, del 29 de desembre, de transpar\u00e8ncia, acc\u00e9s a la informaci\u00f3 p\u00fablica i bon govern.<\/li><\/ul><p><strong><br \/>Normativa aplicable a la nostra entitat<\/strong><br \/>Considerant la forma jur\u00eddica i les activitats desenvolupades, la normativa aplicable a la nostra entitat \u00e9s principalment la seg\u00fcent:<\/p><ul><li>Reial Decret legislatiu 1\/2010, de 2 de juliol, pel que s\u2019aprova el text ref\u00f3s de la Llei de Societats de Capital.<\/li><li>Reial Decret de 22 d\u2019agost de 1885 pel que es publica el Codi de Comer\u00e7.<\/li><li>Llei Org\u00e0nica 3\/2022, de 31 de mar\u00e7, d\u2019ordenaci\u00f3 i integraci\u00f3 de la Formaci\u00f3 Professional.<\/li><li>Reial Decret 34\/2008, de 18 de gener, pel que es regulen els certificats de professionalitat.<\/li><li>Ordre ESS\/1897\/2013, de 10 d\u2019octubre, per la que es desenvolupa el Reial Decret 34\/2008.<\/li><li>Ordre TMS\/369\/2019, de 28 de mar\u00e7, per la que es regula el Registre Estatal d\u2019Entitats de Formaci\u00f3 del sistema de formaci\u00f3 professional per a l\u2019ocupaci\u00f3 en l\u2019\u00e0mbit laboral, aix\u00ed com els processos comuns d\u2019acreditaci\u00f3 i inscripci\u00f3 de les entitats de formaci\u00f3 per impartir especialitats formatives incloses al Cat\u00e0leg d\u2019Especialitats Formatives.<\/li><li>Llei 30\/2015, de 9 de setembre, per la que es regula el Sistema de Formaci\u00f3<\/li><li>Professional per a l\u2019ocupaci\u00f3 a l\u2019\u00e0mbit laboral.<\/li><li>Reial Decret 694\/2017, de 3 de juliol, pel que es desenvolupa la Llei 30\/2015.<\/li><li>Ordre TMS\/368\/2019, de 28 de mar\u00e7, per la que es desenvolupa el Reial Decret 694\/2017.<\/li><li>Llei 10\/2015, del 19 de juny, de formaci\u00f3 i qualificaci\u00f3 professionals.<\/li><li>Llei 13\/2015, del 9 de juliol, d&#8217;ordenaci\u00f3 del sistema d&#8217;ocupaci\u00f3 i del Servei P\u00fablic d&#8217;Ocupaci\u00f3 de Catalunya.<\/li><li>Decret Legislatiu 3\/2002, de 24 de desembre, pel qual s&#8217;aprova el Text ref\u00f3s de la Llei de finances p\u00fabliques de Catalunya.<\/li><li>Ordre TSF\/170\/2018, de 8 d&#8217;octubre, per la qual s&#8217;aproven les bases reguladores per a la concessi\u00f3 de subvencions per a la realitzaci\u00f3 de programes de formaci\u00f3 professional per a l&#8217;ocupaci\u00f3 adre\u00e7ades priorit\u00e0riament a persones treballadores desocupades, que promou el Servei P\u00fablic d&#8217;Ocupaci\u00f3 de Catalunya.<\/li><li>Llei 38\/2003, de 17 de novembre, General de Subvencions.<\/li><li>Reial Decret 887\/2006, de 21 de juliol, pel que s\u2019aprova el Reglament de la Llei 38\/2003, de 17 de novembre, General de Subvencions.<\/li><li>Reial Decret 1796\/2010, de 30 de desembre, pel que es regulen les ag\u00e8ncies de col\u00b7locaci\u00f3.<\/li><\/ul><p><strong><br \/>Organitzaci\u00f3<\/strong><br \/>La nostra entitat t\u00e9 la consideraci\u00f3 de petita empresa i s\u2019organitza en un lloc de direcci\u00f3, un equip de t\u00e8cniques de formaci\u00f3, un servei d\u2019orientaci\u00f3 i inserci\u00f3, i els docents, que poden prestar serveis en r\u00e8gim laboral o d\u2019aut\u00f2noms segons les circumst\u00e0ncies de cada cas.<\/p><p><strong><br \/>Subvencions obtingudes<\/strong><br \/>A continuaci\u00f3 exposem les dades principals referents a les subvencions obtingudes per la nostra entitat com a centre de Formaci\u00f3 Professional Ocupacional des de l\u2019any 2018 fins a l\u2019actualitat. En tots els casos es tracta de procediments de concurr\u00e8ncia competitiva.<\/p><p><strong><span style=\"text-decoration: underline;\">Projecte Singulars 2021<\/span><\/strong><\/p><p>ANY ATORGAMENT: 2021<\/p><p>ORGANISME: Servei P\u00fablic d\u2019Ocupaci\u00f3 de Catalunya (SOC)<\/p><p>IMPORT ATORGAMENT:<br \/>Expedient SOC020\/21\/000001: 51.500,00\u20ac<br \/>Expedient SOC020\/21\/000113: 22.500,00\u20ac<br \/>Expedient SOC020\/21\/000114: 11.250,00\u20ac<\/p><p>ANYS EXECUCI\u00d3: 2022<\/p><p>FINANA\u00c7AMENT<br \/><img decoding=\"async\" class=\"size-medium wp-image-8033\" src=\"https:\/\/www.exist.cat\/wp-content\/uploads\/2024\/09\/Captura-de-pantalla-2024-07-17-a-las-0.20.43-300x82.png\" alt=\"Captura-de-pantalla-2024-07-17-a-las-0.20.43\" width=\"300\" height=\"82\" srcset=\"https:\/\/www.exist.cat\/wp-content\/uploads\/2024\/09\/Captura-de-pantalla-2024-07-17-a-las-0.20.43-300x82.png 300w, https:\/\/www.exist.cat\/wp-content\/uploads\/2024\/09\/Captura-de-pantalla-2024-07-17-a-las-0.20.43-18x5.png 18w, https:\/\/www.exist.cat\/wp-content\/uploads\/2024\/09\/Captura-de-pantalla-2024-07-17-a-las-0.20.43.png 310w\" sizes=\"(max-width: 300px) 100vw, 300px\" \/><\/p><p>FINALITAT I BENEFICIARIS: Programes de formaci\u00f3 d\u2019\u00e0mbit estatal, per a l\u2019adquisici\u00f3 i millora de compet\u00e8ncies professionals relacionades amb els canvis tecnol\u00f2gics i la transformaci\u00f3 digital, dirigits priorit\u00e0riament a les persones ocupades.<\/p><p><strong><span style=\"text-decoration: underline;\">FOAP 2021<\/span><\/strong><\/p><p>ANY ATORGAMENT: 2021<\/p><p>ORGANISME: Servei P\u00fablic d\u2019Ocupaci\u00f3 de Catalunya (SOC)<\/p><p>IMPORT ATORGAMENT: 209.099,20\u20ac<\/p><p>ANYS EXECUCI\u00d3: 2022<\/p><p>FINANA\u00c7AMENT<\/p><p><img decoding=\"async\" class=\"size-medium wp-image-8033\" src=\"https:\/\/www.exist.cat\/wp-content\/uploads\/2024\/09\/Captura-de-pantalla-2024-07-17-a-las-0.20.43-300x82.png\" alt=\"Captura-de-pantalla-2024-07-17-a-las-0.20.43\" width=\"300\" height=\"82\" srcset=\"https:\/\/www.exist.cat\/wp-content\/uploads\/2024\/09\/Captura-de-pantalla-2024-07-17-a-las-0.20.43-300x82.png 300w, https:\/\/www.exist.cat\/wp-content\/uploads\/2024\/09\/Captura-de-pantalla-2024-07-17-a-las-0.20.43-18x5.png 18w, https:\/\/www.exist.cat\/wp-content\/uploads\/2024\/09\/Captura-de-pantalla-2024-07-17-a-las-0.20.43.png 310w\" sizes=\"(max-width: 300px) 100vw, 300px\" \/><\/p><p>FINALITAT I BENEFICIARIS: Realitzaci\u00f3 d&#8217;accions de formaci\u00f3 d&#8217;oferta en \u00e0rees priorit\u00e0ries adre\u00e7ades priorit\u00e0riament a persones treballadores desocupades.<\/p>\t\t\t\t\t\t<\/div>\n\t\t\t\t<\/div>\n\t\t\t\t\t<\/div>\n\t\t<\/div>\n\t\t\t\t\t<\/div>\n\t\t<\/section>\n\t\t\t\t<\/div>","protected":false},"excerpt":{"rendered":"<p>Dades principals referents a les subvencions obtingudes Lleis de transpar\u00e8nciaExist Estrat\u00e8gies Formatives, SLU \u00e9s un centre de Formaci\u00f3 Professional Ocupacional [&hellip;]<\/p>","protected":false},"author":1,"featured_media":0,"parent":0,"menu_order":0,"comment_status":"closed","ping_status":"closed","template":"","meta":{"_acf_changed":false,"footnotes":""},"class_list":["post-7779","page","type-page","status-publish","hentry"],"acf":[],"yoast_head":"<!-- This site is optimized with the Yoast SEO plugin v23.8 - https:\/\/yoast.com\/wordpress\/plugins\/seo\/ -->\n<title>Transpar\u00e8ncia - Grup Exist<\/title>\n<meta name=\"robots\" content=\"index, follow, max-snippet:-1, max-image-preview:large, max-video-preview:-1\" \/>\n<link rel=\"canonical\" href=\"https:\/\/www.exist.cat\/es\/transparencia\/\" \/>\n<meta property=\"og:locale\" content=\"es_ES\" \/>\n<meta property=\"og:type\" content=\"article\" \/>\n<meta property=\"og:title\" content=\"Transpar\u00e8ncia - Grup Exist\" \/>\n<meta property=\"og:description\" content=\"Dades principals referents a les subvencions obtingudes Lleis de transpar\u00e8nciaExist Estrat\u00e8gies Formatives, SLU \u00e9s un centre de Formaci\u00f3 Professional Ocupacional [&hellip;]\" \/>\n<meta property=\"og:url\" content=\"https:\/\/www.exist.cat\/es\/transparencia\/\" \/>\n<meta property=\"og:site_name\" content=\"Grup Exist\" \/>\n<meta property=\"article:modified_time\" content=\"2024-09-23T08:34:31+00:00\" \/>\n<meta property=\"og:image\" content=\"https:\/\/www.exist.cat\/wp-content\/uploads\/2024\/09\/Captura-de-pantalla-2024-07-17-a-las-0.20.43-300x82.png\" \/>\n<meta name=\"twitter:card\" content=\"summary_large_image\" \/>\n<meta name=\"twitter:label1\" content=\"Tiempo de lectura\" \/>\n\t<meta name=\"twitter:data1\" content=\"4 minutos\" \/>\n<script type=\"application\/ld+json\" class=\"yoast-schema-graph\">{\"@context\":\"https:\/\/schema.org\",\"@graph\":[{\"@type\":\"WebPage\",\"@id\":\"https:\/\/www.exist.cat\/transparencia\/\",\"url\":\"https:\/\/www.exist.cat\/transparencia\/\",\"name\":\"Transpar\u00e8ncia - Grup Exist\",\"isPartOf\":{\"@id\":\"https:\/\/www.exist.cat\/#website\"},\"primaryImageOfPage\":{\"@id\":\"https:\/\/www.exist.cat\/transparencia\/#primaryimage\"},\"image\":{\"@id\":\"https:\/\/www.exist.cat\/transparencia\/#primaryimage\"},\"thumbnailUrl\":\"https:\/\/www.exist.cat\/wp-content\/uploads\/2024\/09\/Captura-de-pantalla-2024-07-17-a-las-0.20.43-300x82.png\",\"datePublished\":\"2024-08-28T13:30:40+00:00\",\"dateModified\":\"2024-09-23T08:34:31+00:00\",\"breadcrumb\":{\"@id\":\"https:\/\/www.exist.cat\/transparencia\/#breadcrumb\"},\"inLanguage\":\"es\",\"potentialAction\":[{\"@type\":\"ReadAction\",\"target\":[\"https:\/\/www.exist.cat\/transparencia\/\"]}]},{\"@type\":\"ImageObject\",\"inLanguage\":\"es\",\"@id\":\"https:\/\/www.exist.cat\/transparencia\/#primaryimage\",\"url\":\"https:\/\/www.exist.cat\/wp-content\/uploads\/2024\/09\/Captura-de-pantalla-2024-07-17-a-las-0.20.43-300x82.png\",\"contentUrl\":\"https:\/\/www.exist.cat\/wp-content\/uploads\/2024\/09\/Captura-de-pantalla-2024-07-17-a-las-0.20.43-300x82.png\"},{\"@type\":\"BreadcrumbList\",\"@id\":\"https:\/\/www.exist.cat\/transparencia\/#breadcrumb\",\"itemListElement\":[{\"@type\":\"ListItem\",\"position\":1,\"name\":\"Inici\",\"item\":\"https:\/\/www.exist.cat\/\"},{\"@type\":\"ListItem\",\"position\":2,\"name\":\"Transpar\u00e8ncia\"}]},{\"@type\":\"WebSite\",\"@id\":\"https:\/\/www.exist.cat\/#website\",\"url\":\"https:\/\/www.exist.cat\/\",\"name\":\"Grup Exist\",\"description\":\"Centre de formaci\u00f3 subvencionada del SEPE i SOC\",\"publisher\":{\"@id\":\"https:\/\/www.exist.cat\/#organization\"},\"potentialAction\":[{\"@type\":\"SearchAction\",\"target\":{\"@type\":\"EntryPoint\",\"urlTemplate\":\"https:\/\/www.exist.cat\/?s={search_term_string}\"},\"query-input\":{\"@type\":\"PropertyValueSpecification\",\"valueRequired\":true,\"valueName\":\"search_term_string\"}}],\"inLanguage\":\"es\"},{\"@type\":\"Organization\",\"@id\":\"https:\/\/www.exist.cat\/#organization\",\"name\":\"Grup Exist\",\"url\":\"https:\/\/www.exist.cat\/\",\"logo\":{\"@type\":\"ImageObject\",\"inLanguage\":\"es\",\"@id\":\"https:\/\/www.exist.cat\/#\/schema\/logo\/image\/\",\"url\":\"https:\/\/www.exist.cat\/wp-content\/uploads\/2024\/07\/cropped-logo.png\",\"contentUrl\":\"https:\/\/www.exist.cat\/wp-content\/uploads\/2024\/07\/cropped-logo.png\",\"width\":151,\"height\":75,\"caption\":\"Grup Exist\"},\"image\":{\"@id\":\"https:\/\/www.exist.cat\/#\/schema\/logo\/image\/\"}}]}<\/script>\n<!-- \/ Yoast SEO plugin. -->","yoast_head_json":{"title":"Transpar\u00e8ncia - Grup Exist","robots":{"index":"index","follow":"follow","max-snippet":"max-snippet:-1","max-image-preview":"max-image-preview:large","max-video-preview":"max-video-preview:-1"},"canonical":"https:\/\/www.exist.cat\/es\/transparencia\/","og_locale":"es_ES","og_type":"article","og_title":"Transpar\u00e8ncia - Grup Exist","og_description":"Dades principals referents a les subvencions obtingudes Lleis de transpar\u00e8nciaExist Estrat\u00e8gies Formatives, SLU \u00e9s un centre de Formaci\u00f3 Professional Ocupacional [&hellip;]","og_url":"https:\/\/www.exist.cat\/es\/transparencia\/","og_site_name":"Grup Exist","article_modified_time":"2024-09-23T08:34:31+00:00","og_image":[{"url":"https:\/\/www.exist.cat\/wp-content\/uploads\/2024\/09\/Captura-de-pantalla-2024-07-17-a-las-0.20.43-300x82.png"}],"twitter_card":"summary_large_image","twitter_misc":{"Tiempo de lectura":"4 minutos"},"schema":{"@context":"https:\/\/schema.org","@graph":[{"@type":"WebPage","@id":"https:\/\/www.exist.cat\/transparencia\/","url":"https:\/\/www.exist.cat\/transparencia\/","name":"Transpar\u00e8ncia - Grup Exist","isPartOf":{"@id":"https:\/\/www.exist.cat\/#website"},"primaryImageOfPage":{"@id":"https:\/\/www.exist.cat\/transparencia\/#primaryimage"},"image":{"@id":"https:\/\/www.exist.cat\/transparencia\/#primaryimage"},"thumbnailUrl":"https:\/\/www.exist.cat\/wp-content\/uploads\/2024\/09\/Captura-de-pantalla-2024-07-17-a-las-0.20.43-300x82.png","datePublished":"2024-08-28T13:30:40+00:00","dateModified":"2024-09-23T08:34:31+00:00","breadcrumb":{"@id":"https:\/\/www.exist.cat\/transparencia\/#breadcrumb"},"inLanguage":"es","potentialAction":[{"@type":"ReadAction","target":["https:\/\/www.exist.cat\/transparencia\/"]}]},{"@type":"ImageObject","inLanguage":"es","@id":"https:\/\/www.exist.cat\/transparencia\/#primaryimage","url":"https:\/\/www.exist.cat\/wp-content\/uploads\/2024\/09\/Captura-de-pantalla-2024-07-17-a-las-0.20.43-300x82.png","contentUrl":"https:\/\/www.exist.cat\/wp-content\/uploads\/2024\/09\/Captura-de-pantalla-2024-07-17-a-las-0.20.43-300x82.png"},{"@type":"BreadcrumbList","@id":"https:\/\/www.exist.cat\/transparencia\/#breadcrumb","itemListElement":[{"@type":"ListItem","position":1,"name":"Inici","item":"https:\/\/www.exist.cat\/"},{"@type":"ListItem","position":2,"name":"Transpar\u00e8ncia"}]},{"@type":"WebSite","@id":"https:\/\/www.exist.cat\/#website","url":"https:\/\/www.exist.cat\/","name":"Grup Exist","description":"Centre de formaci\u00f3 subvencionada del SEPE i SOC","publisher":{"@id":"https:\/\/www.exist.cat\/#organization"},"potentialAction":[{"@type":"SearchAction","target":{"@type":"EntryPoint","urlTemplate":"https:\/\/www.exist.cat\/?s={search_term_string}"},"query-input":{"@type":"PropertyValueSpecification","valueRequired":true,"valueName":"search_term_string"}}],"inLanguage":"es"},{"@type":"Organization","@id":"https:\/\/www.exist.cat\/#organization","name":"Grup Exist","url":"https:\/\/www.exist.cat\/","logo":{"@type":"ImageObject","inLanguage":"es","@id":"https:\/\/www.exist.cat\/#\/schema\/logo\/image\/","url":"https:\/\/www.exist.cat\/wp-content\/uploads\/2024\/07\/cropped-logo.png","contentUrl":"https:\/\/www.exist.cat\/wp-content\/uploads\/2024\/07\/cropped-logo.png","width":151,"height":75,"caption":"Grup Exist"},"image":{"@id":"https:\/\/www.exist.cat\/#\/schema\/logo\/image\/"}}]}},"_links":{"self":[{"href":"https:\/\/www.exist.cat\/es\/wp-json\/wp\/v2\/pages\/7779","targetHints":{"allow":["GET"]}}],"collection":[{"href":"https:\/\/www.exist.cat\/es\/wp-json\/wp\/v2\/pages"}],"about":[{"href":"https:\/\/www.exist.cat\/es\/wp-json\/wp\/v2\/types\/page"}],"author":[{"embeddable":true,"href":"https:\/\/www.exist.cat\/es\/wp-json\/wp\/v2\/users\/1"}],"replies":[{"embeddable":true,"href":"https:\/\/www.exist.cat\/es\/wp-json\/wp\/v2\/comments?post=7779"}],"version-history":[{"count":43,"href":"https:\/\/www.exist.cat\/es\/wp-json\/wp\/v2\/pages\/7779\/revisions"}],"predecessor-version":[{"id":8060,"href":"https:\/\/www.exist.cat\/es\/wp-json\/wp\/v2\/pages\/7779\/revisions\/8060"}],"wp:attachment":[{"href":"https:\/\/www.exist.cat\/es\/wp-json\/wp\/v2\/media?parent=7779"}],"curies":[{"name":"wp","href":"https:\/\/api.w.org\/{rel}","templated":true}]}}