{"id":7771,"date":"2024-08-28T15:25:48","date_gmt":"2024-08-28T13:25:48","guid":{"rendered":"https:\/\/www.exist.cat\/?page_id=7771"},"modified":"2024-09-17T15:03:36","modified_gmt":"2024-09-17T13:03:36","slug":"avis-legal","status":"publish","type":"page","link":"https:\/\/www.exist.cat\/es\/avis-legal\/","title":{"rendered":"Aviso Legal"},"content":{"rendered":"<div data-elementor-type=\"wp-page\" data-elementor-id=\"7771\" class=\"elementor elementor-7771\">\n\t\t\t\t\t\t<section class=\"elementor-section elementor-top-section elementor-element elementor-element-5137497 elementor-section-boxed elementor-section-height-default elementor-section-height-default\" data-id=\"5137497\" data-element_type=\"section\">\n\t\t\t\t\t\t<div class=\"elementor-container elementor-column-gap-default\">\n\t\t\t\t\t<div class=\"elementor-column elementor-col-100 elementor-top-column elementor-element elementor-element-90a0418\" data-id=\"90a0418\" data-element_type=\"column\">\n\t\t\t<div class=\"elementor-widget-wrap elementor-element-populated\">\n\t\t\t\t\t\t<div class=\"elementor-element elementor-element-7f5a877 elementor-widget elementor-widget-text-editor\" data-id=\"7f5a877\" data-element_type=\"widget\" data-widget_type=\"text-editor.default\">\n\t\t\t\t<div class=\"elementor-widget-container\">\n\t\t\t\t\t\t\t<p><strong>1. Informaci\u00f3n del titular<\/strong><br \/>En cumplimiento del art\u00edculo 10 de la Ley 34\/2002, de 11 de julio, de Servicios de la Sociedad de la Informaci\u00f3n y Comercio Electr\u00f3nico, a continuaci\u00f3n, se exponen los datos identificativos del Titular:<\/p><p>Web: https:\/\/grupexist.com<br \/>Titular: EXIST ESTRAT\u00c8GIES FORMATIVES SL<br \/>Domicilio: C. Sant Pere 60 \u2013 08301 Matar\u00f3<br \/>CIF: B65114225<br \/>Tel\u00e8fon: 93 496 12 44<br \/>Correo electr\u00f3nico: info@grupexist.com<br \/>Datos registrales: Inscrita en el Registro Mercantil de Barcelona volumen 41.258, libro 174, hoja B378925.<\/p><p><strong><br \/>2. T\u00e9rminos y condiciones de acceso y uso<\/strong><br \/>EL SITIO WEB<br \/>El objeto de las presentes Condiciones Generales de Uso (en adelante, Condiciones) es regular el acceso y la utilizaci\u00f3n del Sitio Web.<\/p><p>EXIST ESTRAT\u00c8GIES FORMATIVES SL se reserva la facultad de modificar, en cualquier momento, y sin aviso previo, la presentaci\u00f3n y configuraci\u00f3n del Sitio Web y de los Contenidos y Servicios que en \u00e9l pudieran estar incorporados. El Usuario reconoce y acepta que en cualquier momento EXIST ESTRAT\u00c8GIES FORMATIVES SL pueda interrumpir, desactivar y\/o cancelar cualquiera de estos elementos que se integran en el Sitio Web o el acceso a los mismos.<\/p><p>El acceso al Sitio Web por el Usuario tiene car\u00e1cter libre y, por regla general, es gratuito sin que el Usuario tenga que proporcionar una contraprestaci\u00f3n para poder disfrutar de ello, salvo en lo relativo al coste de conexi\u00f3n a trav\u00e9s de la red de telecomunicaciones suministrada por el proveedor de acceso que hubiere contratado el Usuario.<\/p><p>La utilizaci\u00f3n de alguno de los Contenidos o Servicios del Sitio Web podr\u00e1 hacerse mediante la suscripci\u00f3n o registro previo del Usuario.<\/p><p><br \/>USUARIO<br \/>El acceso, la navegaci\u00f3n y uso del Sitio Web, (as\u00ed como por los espacios habilitados para interactuar entre los Usuarios, y el Usuario y EXIST ESTRAT\u00c8GIES FORMATIVES SL, como los comentarios y\/o espacios de blogging en caso de haberlos), confieren la condici\u00f3n de Usuario. Por lo que el Usuario se compromete a utilizar la p\u00e1gina Web y aquellos servicios puestos a su disposici\u00f3n a trav\u00e9s de la misma, de manera acorde a la Ley, moral, buenas costumbres y orden p\u00fablico, as\u00ed como con lo dispuesto en el presente clausulado. En consecuencia, queda obligado a no utilizar la Web con fines o efectos il\u00edcitos y\/o contrarios a lo establecido, lesivos de derechos y\/o intereses de terceros o que, de cualquier forma, puedan da\u00f1ar la Web o impedir su normal uso, o de los servicios accesibles a trav\u00e9s de la misma.<\/p><p>La utilizaci\u00f3n de la Web y\/o de sus Servicios, supondr\u00e1 la aceptaci\u00f3n plena y sin reservas, y la validez, de todas y cada una de las cl\u00e1usulas recogidas en la \u00faltima versi\u00f3n actualizada de este Aviso Legal, por lo que el Usuario deber\u00e1 ser consciente de la importancia de leerlas cada vez que visite la Web. A su vez, no supone entablar ning\u00fan tipo de relaci\u00f3n de car\u00e1cter comercial entre EXIST ESTRAT\u00c8GIES FORMATIVES SL y el Usuario.<\/p><p>El acceso, la navegaci\u00f3n y uso del Sitio Web, as\u00ed como por los espacios habilitados para interactuar entre los Usuarios, y el Usuario y EXIST ESTRAT\u00c8GIES FORMATIVES SL, como los comentarios y\/o espacios de blogging, confiere la condici\u00f3n de Usuario, por lo que se aceptan, desde que se inicia la navegaci\u00f3n por el Sitio Web, todas las Condiciones aqu\u00ed establecidas, as\u00ed como sus ulteriores modificaciones, sin perjuicio de la aplicaci\u00f3n de la correspondiente normativa legal de obligado cumplimiento seg\u00fan el caso. Dada la relevancia de lo anterior, se recomienda al Usuario leerlas cada vez que visite el Sitio Web.<\/p><p>EXIST ESTRAT\u00c8GIES FORMATIVES SL se reserva el derecho de retirar todos aquellos comentarios y aportaciones que vulneren la ley, el respeto a la dignidad de la persona, que sean discriminatorios, xen\u00f3fobos, racistas, pornogr\u00e1ficos, spamming, que atenten contra la juventud o la infancia, el orden o la seguridad p\u00fablica o que, a su juicio, no resultaran adecuados para su publicaci\u00f3n.<\/p><p>En cualquier caso, EXIST ESTRAT\u00c8GIES FORMATIVES SL no ser\u00e1 responsable de las opiniones vertidas por los Usuarios a trav\u00e9s de comentarios u otras herramientas de blogging o de participaci\u00f3n que pueda haber.<\/p><p>El Usuario declara ser mayor de edad y disponer de la capacidad jur\u00eddica suficiente para vincularse por las presentes Condiciones. Por lo tanto, este Sitio Web de EXIST ESTRAT\u00c8GIES FORMATIVES SL no se dirige a menores de edad. EXIST ESTRAT\u00c8GIES FORMATIVES SL declina cualquier responsabilidad por el incumplimiento de este requisito.<\/p><p>El Sitio Web est\u00e1 dirigido principalmente a Usuarios residentes en Espa\u00f1a.  EXIST ESTRAT\u00c8GIES FORMATIVES SL no asegura que el Sitio Web cumpla con legislaciones de otros pa\u00edses, ya sea total o parcialmente. Si el Usuario reside o tiene su domiciliado en otro lugar y decide acceder y\/o navegar en el Sitio Web lo har\u00e1 bajo su propia responsabilidad, deber\u00e1 asegurarse de que tal acceso y navegaci\u00f3n cumple con la legislaci\u00f3n local que le es aplicable, no asumiendo EXIST ESTRAT\u00c8GIES FORMATIVES SL responsabilidad alguna que se pueda derivar de dicho acceso.<\/p><p><strong>3. Propiedad intelectual<\/strong><br \/>A los efectos de preservar los posibles derechos de propiedad intelectual, en el caso de que cualquier usuario\/a o un tercero\/a considere que se ha producido una violaci\u00f3n de sus leg\u00edtimos derechos por la introducci\u00f3n de un determinado contenido en el Web, deber\u00e1 notificar dicha circunstancia a EXIST ESTRAT\u00c8GIES FORMATIVES SL indicando:<\/p><p class=\" translation-block\">Datos personales de la persona interesada titular de los derechos presuntamente infringidos. Si la reclamaci\u00f3n la presenta un tercero\/a distinto de la persona interesada, deber\u00e1 indicar la representaci\u00f3n con la que act\u00faa.<br>\nIndicaci\u00f3n de los contenidos protegidos por los derechos de propiedad intelectual y su ubicaci\u00f3n en el Web.<br>\nAcreditaci\u00f3n de los citados derechos de propiedad intelectual.<br>\nDeclaraci\u00f3n expresa en la que el interesado se responsabiliza de la veracidad de las informaciones facilitadas en la notificaci\u00f3n.<\/p><p>La legitimidad de los derechos de propiedad intelectual o industrial correspondientes a los contenidos aportados por terceros\/as es de la exclusiva responsabilidad de los\/las mismos\/as.<\/p><p><strong>4. Exclusi\u00f3n de responsabilidad<\/strong><br \/>EXIST ESTRAT\u00c8GIES FORMATIVES SL con la m\u00e1xima diligencia posible para que los datos y la informaci\u00f3n que ofrece en su sitio web est\u00e9 actualizada en todo momento. No garantiza ni se hace responsable la exactitud y actualizaci\u00f3n de los contenidos del sitio web, reserv\u00e1ndose el derecho a modificar estos contenidos en cualquier momento. EXIST ESTRAT\u00c8GIES FORMATIVES SL tampoco ser\u00e1 responsable de la informaci\u00f3n que se pueda obtener a trav\u00e9s de enlaces incluidos en el sitio web.<\/p><p>Las relaciones comerciales entre clientes se regir\u00e1n por las condiciones generales que, si fuera necesario, se establecer\u00edan por EXIST ESTRAT\u00c8GIES FORMATIVES SL en un documento espec\u00edfico a este efecto, o para los pactos concretos que se puedan acordar con los clientes.<\/p><p><strong>5.Pol\u00edtica de informaci\u00f3n y publicidad comercial<\/strong><br \/>EXIST ESTRAT\u00c8GIES FORMATIVES SL se compromete a trav\u00e9s de este medio a no realizar publicidad enga\u00f1osa. A estos efectos, por lo tanto, no ser\u00e1n considerados como publicidad enga\u00f1osa los errores formales o num\u00e9ricos que puedan encontrarse a lo largo del contenido de las distintas secciones de la Web, producidos como consecuencia de un mantenimiento y\/o actualizaci\u00f3n incompleta de la informaci\u00f3n contenida en estas secciones. EXIST ESTRAT\u00c8GIES FORMATIVES SL, como consecuencia de lo dispuesto en este apartado, se compromete a corregirlo tan pronto como tenga conocimiento de dichos errores.<\/p><p>EXIST ESTRAT\u00c8GIES FORMATIVES SL se compromete a no remitir comunicaciones comerciales sin identificarlas como tales, conforme a lo dispuesto en la Ley 34\/2002 de Servicios de la Sociedad de la Informaci\u00f3n y de comercio electr\u00f3nico. A estos efectos no ser\u00e1 considerado como comunicaci\u00f3n comercial toda la informaci\u00f3n que se env\u00ede a los clientes de EXIST ESTRAT\u00c8GIES FORMATIVES SL que tenga por finalidad el mantenimiento de la relaci\u00f3n contractual existente entre cliente y EXIST ESTRAT\u00c8GIES FORMATIVES SL, as\u00ed como el desempe\u00f1o de las tareas de informaci\u00f3n y otras actividades propias del servicio que el cliente tiene contratado.<\/p><p>En el caso de recibir comunicaciones por estos medios (correos electr\u00f3nicos, mensajes de respuesta automatizada de formularios, y otros sistemas de comunicaci\u00f3n) le informamos que los mensajes se dirigen exclusivamente a su destinatario y puede contener informaci\u00f3n privilegiada o confidencial. Si no es vd. el destinatario indicado, queda notificado de que la utilizaci\u00f3n, divulgaci\u00f3n y\/o copia sin autorizaci\u00f3n est\u00e1 prohibida en virtud de la legislaci\u00f3n vigente.<\/p><p>De conformidad con lo establecido en la Ley 34\/2002 de 11 de julio, de Servicios de la Sociedad de la Informaci\u00f3n y del Comercio Electr\u00f3nico, y la Directiva 2002\/58\/CE le comunicamos que en el supuesto de que no desee recibir comunicaciones e informaciones de \u00edndole comercial mediante este sistema de comunicaci\u00f3n electr\u00f3nica, nos lo indique por esta misma v\u00eda indicando en el asunto BAJA COMUNICACIONES para que sus datos personales sean dados de baja de nuestra base de datos. Su solicitud ser\u00e1 accionada en un plazo de 10 d\u00edas desde su env\u00edo. En el supuesto de que no recibamos contestaci\u00f3n expresa por su parte, entenderemos que acepta y autoriza que nuestra empresa siga realizando las referidas comunicaciones.<\/p><p><strong>6. Pol\u00edtica de enlaces<\/strong><br \/>El Usuario o tercero que realice un hiperv\u00ednculo desde una p\u00e1gina web de otro, distinto, sitio web deber\u00e1 saber que:<\/p><p>No se permite la reproducci\u00f3n -total o parcialmente- de ninguno de los Contenidos y\/o Servicios del Sitio Web sin autorizaci\u00f3n expresa de EXIST ESTRAT\u00c8GIES FORMATIVES SL.<\/p><p>No se permite tampoco ninguna manifestaci\u00f3n falsa, inexacta o incorrecta sobre el Sitio Web de EXIST ESTRAT\u00c8GIES FORMATIVES SL, ni sobre los Contenidos y\/o Servicios del mismo.<\/p><p>A excepci\u00f3n del hiperv\u00ednculo, el sitio web en el que se establezca dicho hiperenlace no contendr\u00e1 ning\u00fan elemento, de este Sitio Web, protegido como propiedad intelectual por el ordenamiento jur\u00eddico espa\u00f1ol, salvo autorizaci\u00f3n expresa de EXIST ESTRAT\u00c8GIES FORMATIVES SL.<\/p><p>El establecimiento del hiperv\u00ednculo no implicar\u00e1 la existencia de relaciones entre EXIST ESTRAT\u00c8GIES FORMATIVES SL y el titular del sitio web desde el cual se realice, ni el conocimiento y aceptaci\u00f3n de EXIST ESTRAT\u00c8GIES FORMATIVES SL de los contenidos, servicios y\/o actividades ofrecidas en dicho sitio web, y viceversa.<\/p><p><strong>7. Las redes sociales<\/strong><br \/>Le informamos que puede tener presencia en redes sociales. El tratamiento de los datos que se lleve a cabo de las personas que se hagan seguidoras en las redes sociales (y\/o realicen cualquier v\u00ednculo o acci\u00f3n de conexi\u00f3n a trav\u00e9s de las redes sociales) de las p\u00e1ginas oficiales de se regir\u00e1 por este apartado, as\u00ed como por aquellas condiciones de uso, pol\u00edticas de privacidad y normativas de acceso que pertenezcan a la red social que proceda en cada caso y aceptadas previamente por el usuario.<\/p><p><strong>8. Jurisdicci\u00f3n y leyes aplicables<\/strong><br \/>El uso de este sitio web implica la aceptaci\u00f3n plena de los t\u00e9rminos del presente aviso legal.  El presente Aviso Legal y todas las relaciones que se establezcan entre EXIST ESTRAT\u00c8GIES FORMATIVES SL el Usuario de la Web y sus servicios se regir\u00e1n por lo establecido en la legislaci\u00f3n espa\u00f1ola.<\/p>\t\t\t\t\t\t<\/div>\n\t\t\t\t<\/div>\n\t\t\t\t\t<\/div>\n\t\t<\/div>\n\t\t\t\t\t<\/div>\n\t\t<\/section>\n\t\t\t\t<\/div>","protected":false},"excerpt":{"rendered":"<p>1. Informaci\u00f3 del titularEn compliment de l\u2019article 10 de la Llei 34\/2002, d\u201911 de juliol, de Serveis de la Societat [&hellip;]<\/p>","protected":false},"author":1,"featured_media":0,"parent":0,"menu_order":0,"comment_status":"closed","ping_status":"closed","template":"","meta":{"_acf_changed":false,"footnotes":""},"class_list":["post-7771","page","type-page","status-publish","hentry"],"acf":[],"yoast_head":"<!-- This site is optimized with the Yoast SEO plugin v23.8 - https:\/\/yoast.com\/wordpress\/plugins\/seo\/ -->\n<title>Av\u00eds Legal - Grup Exist<\/title>\n<meta name=\"robots\" content=\"index, follow, max-snippet:-1, max-image-preview:large, max-video-preview:-1\" \/>\n<link rel=\"canonical\" href=\"https:\/\/www.exist.cat\/es\/avis-legal\/\" \/>\n<meta property=\"og:locale\" content=\"es_ES\" \/>\n<meta property=\"og:type\" content=\"article\" \/>\n<meta property=\"og:title\" content=\"Av\u00eds Legal - Grup Exist\" \/>\n<meta property=\"og:description\" content=\"1. Informaci\u00f3 del titularEn compliment de l\u2019article 10 de la Llei 34\/2002, d\u201911 de juliol, de Serveis de la Societat [&hellip;]\" \/>\n<meta property=\"og:url\" content=\"https:\/\/www.exist.cat\/es\/avis-legal\/\" \/>\n<meta property=\"og:site_name\" content=\"Grup Exist\" \/>\n<meta property=\"article:modified_time\" content=\"2024-09-17T13:03:36+00:00\" \/>\n<meta name=\"twitter:card\" content=\"summary_large_image\" \/>\n<meta name=\"twitter:label1\" content=\"Tiempo de lectura\" \/>\n\t<meta name=\"twitter:data1\" content=\"10 minutos\" \/>\n<script type=\"application\/ld+json\" class=\"yoast-schema-graph\">{\"@context\":\"https:\/\/schema.org\",\"@graph\":[{\"@type\":\"WebPage\",\"@id\":\"https:\/\/www.exist.cat\/avis-legal\/\",\"url\":\"https:\/\/www.exist.cat\/avis-legal\/\",\"name\":\"Av\u00eds Legal - Grup Exist\",\"isPartOf\":{\"@id\":\"https:\/\/www.exist.cat\/#website\"},\"datePublished\":\"2024-08-28T13:25:48+00:00\",\"dateModified\":\"2024-09-17T13:03:36+00:00\",\"breadcrumb\":{\"@id\":\"https:\/\/www.exist.cat\/avis-legal\/#breadcrumb\"},\"inLanguage\":\"es\",\"potentialAction\":[{\"@type\":\"ReadAction\",\"target\":[\"https:\/\/www.exist.cat\/avis-legal\/\"]}]},{\"@type\":\"BreadcrumbList\",\"@id\":\"https:\/\/www.exist.cat\/avis-legal\/#breadcrumb\",\"itemListElement\":[{\"@type\":\"ListItem\",\"position\":1,\"name\":\"Inici\",\"item\":\"https:\/\/www.exist.cat\/\"},{\"@type\":\"ListItem\",\"position\":2,\"name\":\"Av\u00eds Legal\"}]},{\"@type\":\"WebSite\",\"@id\":\"https:\/\/www.exist.cat\/#website\",\"url\":\"https:\/\/www.exist.cat\/\",\"name\":\"Grup Exist\",\"description\":\"Centre de formaci\u00f3 subvencionada del SEPE i SOC\",\"publisher\":{\"@id\":\"https:\/\/www.exist.cat\/#organization\"},\"potentialAction\":[{\"@type\":\"SearchAction\",\"target\":{\"@type\":\"EntryPoint\",\"urlTemplate\":\"https:\/\/www.exist.cat\/?s={search_term_string}\"},\"query-input\":{\"@type\":\"PropertyValueSpecification\",\"valueRequired\":true,\"valueName\":\"search_term_string\"}}],\"inLanguage\":\"es\"},{\"@type\":\"Organization\",\"@id\":\"https:\/\/www.exist.cat\/#organization\",\"name\":\"Grup Exist\",\"url\":\"https:\/\/www.exist.cat\/\",\"logo\":{\"@type\":\"ImageObject\",\"inLanguage\":\"es\",\"@id\":\"https:\/\/www.exist.cat\/#\/schema\/logo\/image\/\",\"url\":\"https:\/\/www.exist.cat\/wp-content\/uploads\/2024\/07\/cropped-logo.png\",\"contentUrl\":\"https:\/\/www.exist.cat\/wp-content\/uploads\/2024\/07\/cropped-logo.png\",\"width\":151,\"height\":75,\"caption\":\"Grup Exist\"},\"image\":{\"@id\":\"https:\/\/www.exist.cat\/#\/schema\/logo\/image\/\"}}]}<\/script>\n<!-- \/ Yoast SEO plugin. -->","yoast_head_json":{"title":"Av\u00eds Legal - Grup Exist","robots":{"index":"index","follow":"follow","max-snippet":"max-snippet:-1","max-image-preview":"max-image-preview:large","max-video-preview":"max-video-preview:-1"},"canonical":"https:\/\/www.exist.cat\/es\/avis-legal\/","og_locale":"es_ES","og_type":"article","og_title":"Av\u00eds Legal - Grup Exist","og_description":"1. Informaci\u00f3 del titularEn compliment de l\u2019article 10 de la Llei 34\/2002, d\u201911 de juliol, de Serveis de la Societat [&hellip;]","og_url":"https:\/\/www.exist.cat\/es\/avis-legal\/","og_site_name":"Grup Exist","article_modified_time":"2024-09-17T13:03:36+00:00","twitter_card":"summary_large_image","twitter_misc":{"Tiempo de lectura":"10 minutos"},"schema":{"@context":"https:\/\/schema.org","@graph":[{"@type":"WebPage","@id":"https:\/\/www.exist.cat\/avis-legal\/","url":"https:\/\/www.exist.cat\/avis-legal\/","name":"Av\u00eds Legal - Grup Exist","isPartOf":{"@id":"https:\/\/www.exist.cat\/#website"},"datePublished":"2024-08-28T13:25:48+00:00","dateModified":"2024-09-17T13:03:36+00:00","breadcrumb":{"@id":"https:\/\/www.exist.cat\/avis-legal\/#breadcrumb"},"inLanguage":"es","potentialAction":[{"@type":"ReadAction","target":["https:\/\/www.exist.cat\/avis-legal\/"]}]},{"@type":"BreadcrumbList","@id":"https:\/\/www.exist.cat\/avis-legal\/#breadcrumb","itemListElement":[{"@type":"ListItem","position":1,"name":"Inici","item":"https:\/\/www.exist.cat\/"},{"@type":"ListItem","position":2,"name":"Av\u00eds Legal"}]},{"@type":"WebSite","@id":"https:\/\/www.exist.cat\/#website","url":"https:\/\/www.exist.cat\/","name":"Grup Exist","description":"Centre de formaci\u00f3 subvencionada del SEPE i SOC","publisher":{"@id":"https:\/\/www.exist.cat\/#organization"},"potentialAction":[{"@type":"SearchAction","target":{"@type":"EntryPoint","urlTemplate":"https:\/\/www.exist.cat\/?s={search_term_string}"},"query-input":{"@type":"PropertyValueSpecification","valueRequired":true,"valueName":"search_term_string"}}],"inLanguage":"es"},{"@type":"Organization","@id":"https:\/\/www.exist.cat\/#organization","name":"Grup Exist","url":"https:\/\/www.exist.cat\/","logo":{"@type":"ImageObject","inLanguage":"es","@id":"https:\/\/www.exist.cat\/#\/schema\/logo\/image\/","url":"https:\/\/www.exist.cat\/wp-content\/uploads\/2024\/07\/cropped-logo.png","contentUrl":"https:\/\/www.exist.cat\/wp-content\/uploads\/2024\/07\/cropped-logo.png","width":151,"height":75,"caption":"Grup Exist"},"image":{"@id":"https:\/\/www.exist.cat\/#\/schema\/logo\/image\/"}}]}},"_links":{"self":[{"href":"https:\/\/www.exist.cat\/es\/wp-json\/wp\/v2\/pages\/7771","targetHints":{"allow":["GET"]}}],"collection":[{"href":"https:\/\/www.exist.cat\/es\/wp-json\/wp\/v2\/pages"}],"about":[{"href":"https:\/\/www.exist.cat\/es\/wp-json\/wp\/v2\/types\/page"}],"author":[{"embeddable":true,"href":"https:\/\/www.exist.cat\/es\/wp-json\/wp\/v2\/users\/1"}],"replies":[{"embeddable":true,"href":"https:\/\/www.exist.cat\/es\/wp-json\/wp\/v2\/comments?post=7771"}],"version-history":[{"count":7,"href":"https:\/\/www.exist.cat\/es\/wp-json\/wp\/v2\/pages\/7771\/revisions"}],"predecessor-version":[{"id":7913,"href":"https:\/\/www.exist.cat\/es\/wp-json\/wp\/v2\/pages\/7771\/revisions\/7913"}],"wp:attachment":[{"href":"https:\/\/www.exist.cat\/es\/wp-json\/wp\/v2\/media?parent=7771"}],"curies":[{"name":"wp","href":"https:\/\/api.w.org\/{rel}","templated":true}]}}